{"id":30,"date":"2022-01-17T20:00:14","date_gmt":"2022-01-17T20:00:14","guid":{"rendered":"https:\/\/innovar-st.com\/?page_id=30"},"modified":"2022-01-17T20:00:15","modified_gmt":"2022-01-17T20:00:15","slug":"quienes-somos","status":"publish","type":"page","link":"https:\/\/innovar-st.com\/index.php\/quienes-somos\/","title":{"rendered":"Quienes Somos"},"content":{"rendered":"<p><b>Innovar Soluciones Tecnol\u00f3gicas S.A.S.<\/b><span style=\"font-weight: 400;\"> es una empresa que cuenta con una amplia experiencia como colaboradores y asesores en diferentes empresas de reconocido renombre nacional.\u00a0<\/span><\/p>\n<p><span style=\"font-weight: 400;\">Nuestras pr\u00e1cticas y procedimientos est\u00e1n centrados en tres pilares: <\/span><b>SERVICIO, CALIDAD <\/b><span style=\"font-weight: 400;\">y <\/span><b>EFICIENCIA <\/b><span style=\"font-weight: 400;\">para el desarrollo de sus necesidades y el cumplimiento de todas las normas y principios de aceptaci\u00f3n en Colombia. Por ello y debido a nuestro compromiso como depositarios de la confianza p\u00fablica, asumimos la calidad dentro de una razonable relaci\u00f3n costo\/beneficio, para poder entregar soluciones con utilidad racional.<\/span><span style=\"font-weight: 400;\"><br \/><\/span><span style=\"font-weight: 400;\"><br \/><\/span><span style=\"font-weight: 400;\">Nuestra empresa es autosuficiente en lo que se refiere a la capacitaci\u00f3n profesional de sus integrantes, sin embargo cuando se trate de trabajos de alta calidad o especializaci\u00f3n contamos con el concurso de asesores nacionales independientes, con lo cual logramos el objetivo de brindar seguridad y confianza a nuestros clientes.<\/span><\/p>\n<p><b>MISI\u00d3N<\/b><\/p>\n<p><span style=\"font-weight: 400;\">Innovar Soluciones Tecnol\u00f3gicas S.A.S tiene la misi\u00f3n de ofrecer servicios de la m\u00e1s alta calidad en los campos de ingenier\u00eda y Soporte tecnol\u00f3gico, con el fin de contribuir a la generaci\u00f3n de los valores agregados que nuestros clientes necesitan.\u00a0 Lo anterior dentro de un marco de servicio, calidad y eficiencia acordes a las necesidades y el entorno de nuestros clientes.<\/span><\/p>\n<p><b>VISI\u00d3N<\/b><span style=\"font-weight: 400;\"><br \/><\/span><span style=\"font-weight: 400;\">En el a\u00f1o 2026 <\/span><b>Innovar Soluciones Tecnol\u00f3gicas S.A.S.<\/b><span style=\"font-weight: 400;\"> ser\u00e1 una de las empresas l\u00edderes a nivel nacional en el desarrollo de servicios de soporte y consultor\u00eda en las \u00e1reas de tecnolog\u00eda aplicada e integral y de seguridad cibern\u00e9tica, manteniendo relaciones estables con nuestros clientes y contribuyendo a su crecimiento en las \u00e1reas de operaci\u00f3n, gesti\u00f3n financiera y administrativa, y de control.\u00a0<\/span><\/p>\n<p><b>OBJETIVOS<\/b><\/p>\n<ul>\n<li style=\"font-weight: 400;\" aria-level=\"1\"><span style=\"font-weight: 400;\">Construir relaciones duraderas con nuestros clientes a trav\u00e9s de la prestaci\u00f3n de servicios que generen valor agregado.<\/span><\/li>\n<\/ul>\n<ul>\n<li style=\"font-weight: 400;\" aria-level=\"1\"><span style=\"font-weight: 400;\">Brindar a nuestros clientes asesor\u00eda permanente en la capacitaci\u00f3n de personal mediante el desarrollo de seminarios, conferencias y talleres pr\u00e1cticos.<\/span><\/li>\n<\/ul>\n<ul>\n<li style=\"font-weight: 400;\" aria-level=\"1\"><span style=\"font-weight: 400;\">Conseguir el personal id\u00f3neo y proactivo para el desarrollo de las diferentes actividades empresariales de nuestros clientes<\/span><\/li>\n<\/ul>\n","protected":false},"excerpt":{"rendered":"<p>Innovar Soluciones Tecnol\u00f3gicas S.A.S. es una empresa que cuenta con una amplia experiencia como colaboradores y asesores en diferentes empresas de reconocido renombre nacional.\u00a0 Nuestras pr\u00e1cticas y procedimientos est\u00e1n centrados en tres pilares: SERVICIO, CALIDAD y EFICIENCIA para el desarrollo de sus necesidades y el cumplimiento de todas las normas y principios de aceptaci\u00f3n en [&hellip;]<\/p>\n","protected":false},"author":1,"featured_media":0,"parent":0,"menu_order":0,"comment_status":"closed","ping_status":"closed","template":"","meta":{"om_disable_all_campaigns":false,"_monsterinsights_skip_tracking":false,"_monsterinsights_sitenote_active":false,"_monsterinsights_sitenote_note":"","_monsterinsights_sitenote_category":0},"_links":{"self":[{"href":"https:\/\/innovar-st.com\/index.php\/wp-json\/wp\/v2\/pages\/30"}],"collection":[{"href":"https:\/\/innovar-st.com\/index.php\/wp-json\/wp\/v2\/pages"}],"about":[{"href":"https:\/\/innovar-st.com\/index.php\/wp-json\/wp\/v2\/types\/page"}],"author":[{"embeddable":true,"href":"https:\/\/innovar-st.com\/index.php\/wp-json\/wp\/v2\/users\/1"}],"replies":[{"embeddable":true,"href":"https:\/\/innovar-st.com\/index.php\/wp-json\/wp\/v2\/comments?post=30"}],"version-history":[{"count":3,"href":"https:\/\/innovar-st.com\/index.php\/wp-json\/wp\/v2\/pages\/30\/revisions"}],"predecessor-version":[{"id":33,"href":"https:\/\/innovar-st.com\/index.php\/wp-json\/wp\/v2\/pages\/30\/revisions\/33"}],"wp:attachment":[{"href":"https:\/\/innovar-st.com\/index.php\/wp-json\/wp\/v2\/media?parent=30"}],"curies":[{"name":"wp","href":"https:\/\/api.w.org\/{rel}","templated":true}]}}